{"id":3376,"date":"2023-10-10T15:31:30","date_gmt":"2023-10-10T15:31:30","guid":{"rendered":"https:\/\/www.nrscomunicacion.com\/?page_id=3376"},"modified":"2023-10-11T09:49:45","modified_gmt":"2023-10-11T09:49:45","slug":"aviso-legal","status":"publish","type":"page","link":"https:\/\/www.nrscomunicacion.com\/index.php\/aviso-legal\/","title":{"rendered":"Aviso legal"},"content":{"rendered":"\t\t<div data-elementor-type=\"wp-page\" data-elementor-id=\"3376\" class=\"elementor elementor-3376\">\n\t\t\t\t<div class=\"elementor-element elementor-element-828e675 e-con-full e-flex e-con e-parent\" data-id=\"828e675\" data-element_type=\"container\" data-e-type=\"container\" data-settings=\"{&quot;background_background&quot;:&quot;classic&quot;}\">\n\t\t\t\t<div class=\"elementor-element elementor-element-ae04da6 elementor-widget elementor-widget-heading\" data-id=\"ae04da6\" data-element_type=\"widget\" data-e-type=\"widget\" data-widget_type=\"heading.default\">\n\t\t\t\t<div class=\"elementor-widget-container\">\n\t\t\t\t\t<h2 class=\"elementor-heading-title elementor-size-default\">AVISO LEGAL<\/h2>\t\t\t\t<\/div>\n\t\t\t\t<\/div>\n\t\t\t\t<\/div>\n\t\t<div class=\"elementor-element elementor-element-697b0dd7 e-flex e-con-boxed e-con e-parent\" data-id=\"697b0dd7\" data-element_type=\"container\" data-e-type=\"container\">\n\t\t\t\t\t<div class=\"e-con-inner\">\n\t\t\t\t<div class=\"elementor-element elementor-element-2323f7c0 elementor-widget elementor-widget-text-editor\" data-id=\"2323f7c0\" data-element_type=\"widget\" data-e-type=\"widget\" data-widget_type=\"text-editor.default\">\n\t\t\t\t<div class=\"elementor-widget-container\">\n\t\t\t\t\t\t\t\t\t<div data-id=\"5704073\" data-element_type=\"widget\" data-widget_type=\"text-editor.default\">\n<div>\n<p>1. Identificaci\u00f3n de la raz\u00f3n social del responsable del tratamiento<\/p>\n<p>De acuerdo con la Ley 34\/2002 de 11 de julio de servicios de la sociedad de la informaci\u00f3n y de comercio electr\u00f3nico ponemos en su conocimiento los datos sociales de la entidad:<\/p>\n<\/div>\n<\/div>\n<div data-id=\"44fd0f8\" data-element_type=\"widget\" data-widget_type=\"eael-data-table.default\">\n<div>\n<div data-table_id=\"44fd0f8\" data-custom_responsive=\"false\">\n<table>\n<thead>\n<tr>\n<th colspan=\"\">Raz\u00f3n Social<\/th>\n<th colspan=\"\">SUMINISTROS DAMA-RL SPAIN SL<\/th>\n<\/tr>\n<\/thead>\n<tbody>\n<tr>\n<td colspan=\"\" rowspan=\"\">\n<div>\n<div>N.I.F\/C.I.F.:<\/div>\n<\/div>\n<\/td>\n<td colspan=\"\" rowspan=\"\">\n<div>\n<div>B73705584<\/div>\n<\/div>\n<\/td>\n<\/tr>\n<tr>\n<td colspan=\"\" rowspan=\"\">\n<div>\n<div>Domicilio:<\/div>\n<\/div>\n<\/td>\n<td colspan=\"\" rowspan=\"\">\n<div>\n<div>Carril el Majo numero 3 de Murcia 30012 (Murcia).<\/div>\n<\/div>\n<\/td>\n<\/tr>\n<tr>\n<td colspan=\"\" rowspan=\"\">\n<div>\n<div>E-mail:<\/div>\n<\/div>\n<\/td>\n<td colspan=\"\" rowspan=\"\">\n<div>\n<div>hola@nrscomunicaci\u00f3n.com<\/div>\n<\/div>\n<\/td>\n<\/tr>\n<tr>\n<td colspan=\"\" rowspan=\"\">\n<div>\n<div>Tel\u00e9fonos:<\/div>\n<\/div>\n<\/td>\n<td colspan=\"\" rowspan=\"\">\n<div>\n<div>968132710<\/div>\n<\/div>\n<\/td>\n<\/tr>\n<tr>\n<td colspan=\"\" rowspan=\"\">\n<div>\n<div>Objeto:<\/div>\n<\/div>\n<\/td>\n<td colspan=\"\" rowspan=\"\">\n<div>\n<div>Comercio Electr\u00f3nico y Comercio Mayor de Otra Maquinaria<\/div>\n<\/div>\n<\/td>\n<\/tr>\n<tr>\n<td colspan=\"\" rowspan=\"\">\n<div>\n<div>Datos Reg\u00edstrales:<\/div>\n<\/div>\n<\/td>\n<td colspan=\"\" rowspan=\"\">\n<div>\n<div>Registro Mercantil de Murcia Tomo 2809, Folio 52, Secci\u00f3n 8, Hoja MU 75814, I\/A 1<\/div>\n<\/div>\n<\/td>\n<\/tr>\n<\/tbody>\n<\/table>\n<\/div>\n<\/div>\n<\/div>\n<div data-id=\"2cb18f2\" data-element_type=\"widget\" data-widget_type=\"text-editor.default\">\n<div>\n<p>2. Informaci\u00f3n general.<\/p>\n<p>Estas condiciones generales regulan el uso del servicio del web site https:\/\/www.nrscomunicacion.com\/ cuyo titular es&nbsp;SUMINISTROS DAMA-RL SPAIN SL(de ahora en adelante&nbsp;NRS COMUNICACI\u00d3N)&nbsp;disponible de forma gratuita para los usuarios de Internet y su visualizaci\u00f3n no requiere de previa suscripci\u00f3n o registro alguno. No obstante, la contrataci\u00f3n de determinados servicios o productos s\u00ed requiere el registro del Usuario en la Web. La utilizaci\u00f3n de nuestra Web le atribuye la condici\u00f3n de usuario y supone la aceptaci\u00f3n plena y sin reservas por el Usuario de todas y cada una de las Condiciones Generales en la versi\u00f3n publicada por&nbsp;NRS COMUNICACI\u00d3N&nbsp;en el momento mismo en que el Usuario acceda a nuestro Web Site, as\u00ed como de nuestra pol\u00edtica de privacidad y tratamiento de datos personales. El Usuario debe leer atentamente las Condiciones Generales en cada una de las ocasiones en que se proponga utilizar nuestra Web. Asimismo, la utilizaci\u00f3n del Servicio se encuentra sometida igualmente a todos los avisos, reglamentos de uso e instrucciones puestos en conocimiento del Usuario por&nbsp;NRS COMUNICACI\u00d3N&nbsp;previsto en estas Condiciones Generales en cuanto no se opongan a ellas.<\/p>\n<p>El Usuario registrado podr\u00e1 en todo momento darse de baja de forma autom\u00e1tica como Usuario de la web, sin que dicha decisi\u00f3n pueda tener car\u00e1cter retroactivo.<\/p>\n<p>NRS COMUNICACI\u00d3N&nbsp;se reserva el derecho a denegar o retirar el acceso a su WebSite, en cualquier momento y sin necesidad de preaviso, a aquellos Usuarios que incumplan las presentes Condiciones Generales, as\u00ed como las Condiciones Particulares que resulten de aplicaci\u00f3n.<\/p>\n<p>3. Condiciones Generales<\/p>\n<p>Con car\u00e1cter general, el Usuario se obliga al cumplimiento de las presentes condiciones y t\u00e9rminos de uso, y obrar siempre conforme a la ley, a las buenas costumbres y a las exigencias de la buena fe, empleando la diligencia adecuada a la naturaleza del servicio del que disfruta, absteni\u00e9ndose de utilizar el sitio https:\/\/www.nrscomunicacion.com\/ , de cualquier forma que pueda impedir, da\u00f1ar o deteriorar el normal funcionamiento del mismo, los bienes o derechos&nbsp;NRS COMUNICACI\u00d3N, del resto de Usuarios o en general de cualquier tercero.<\/p>\n<p>En particular, y sin que ello implique restricci\u00f3n alguna a la obligaci\u00f3n asumida por el Usuario con car\u00e1cter general de conformidad con el apartado anterior, el Usuario se obliga, en la utilizaci\u00f3n de https:\/\/www.nrscomunicacion.com\/ a:<\/p>\n<ul>\n<li>No introducir, almacenar o difundir en o desde el sitio web, cualquier informaci\u00f3n o material que fuera difamatorio, injurioso, obsceno, amenazador, xen\u00f3fobo, incite a la violencia a la discriminaci\u00f3n por raz\u00f3n de raza, sexo, ideolog\u00eda, religi\u00f3n o que de cualquier forma atente contra la moral, el orden p\u00fablico, los derechos fundamentales y las libertades p\u00fablicas, el honor, la intimidad o la imagen de terceros y en general la normativa vigente.<\/li>\n<li>No introducir, almacenar o difundir mediante el sitio web ning\u00fan programa de ordenador, datos, virus, c\u00f3digo, equipo de hardware o de telecomunicaciones o cualquier otro instrumento o dispositivo electr\u00f3nico o f\u00edsico que sea susceptible de causar da\u00f1os en el sitio web, en cualquiera de los servicios, o en cualquiera de los equipos, sistemas o redes de&nbsp;NRS COMUNICACI\u00d3N, de cualquier Usuario, o en general de cualquier tercero. O que de cualquier otra forma sea capaz de causarles cualquier tipo de alteraci\u00f3n o impedir el normal funcionamiento de los mismos.<\/li>\n<li>El Usuario debe de custodiar adecuadamente el \u201cNombre de Usuario\u201d y la \u201cContrase\u00f1a\u201d que le sea facilitada por&nbsp;NRS COMUNICACI\u00d3N,&nbsp;como elementos identificadores y habilitadores para el acceso a los distintos servicios ofrecidos en el sitio Web, comprometi\u00e9ndose a no ceder su uso ni a permitir el acceso a ellos de terceros, asumiendo la responsabilidad por los da\u00f1os y perjuicios que pudieran derivarse de un uso indebido de los mismos.&nbsp; Se recomienda la utilizaci\u00f3n de contrase\u00f1as robustas y complejas para que no sea f\u00e1cilmente inteligible. Asimismo, se recomienda la utilizaci\u00f3n de caracteres alfab\u00e9ticos y num\u00e9ricos para la contrase\u00f1a. El Usuario responder\u00e1 de los gastos y de los da\u00f1os y perjuicios ocasionados por la utilizaci\u00f3n de los Servicios por cualquier tercero que emplee al efecto su\/s contrase\u00f1a\/s y nombre\/s de usuario\/s gracias a una utilizaci\u00f3n no diligente o a la p\u00e9rdida de los mismos por el Usuario<\/li>\n<li>No destruir, alterar, utilizar para su uso, inutilizar o da\u00f1ar los datos, informaciones, programas o documentos electr\u00f3nicos de&nbsp;NRS COMUNICACI\u00d3N&nbsp;o terceros.<\/li>\n<li>El Usuario no obstaculizar\u00e1 el uso del Servicio&nbsp;NRS COMUNICACI\u00d3N&nbsp;de otro Usuario ni el uso de servicios similares por parte de otra entidad.<\/li>\n<li>El Usuario en especial deber\u00e1 de abstenerse&nbsp;a realizar cualquier acto contrario a las normas que regulan, la protecci\u00f3n de datos de car\u00e1cter personal, el mercado y los consumidores, la Propiedad Intelectual, las normas de car\u00e1cter fiscal, y el honor, la intimidad y la imagen y buen nombre de personas o entidades.<\/li>\n<li>El Usuario tiene prohibido suprimir, eludir o manipular el \u201ccopyright\u201d y dem\u00e1s datos&nbsp;identificativos&nbsp;de los derechos de&nbsp;NRS COMUNICACI\u00d3N&nbsp;o de sus titulares incorporados a los Contenidos, as\u00ed como los dispositivos t\u00e9cnicos de protecci\u00f3n y cualesquiera mecanismos de informaci\u00f3n que pudieren contener los Contenidos<\/li>\n<\/ul>\n<p>NRS COMUNICACI\u00d3N&nbsp;podr\u00e1, seg\u00fan su propio criterio, dar por terminado el servicio en forma inmediata, si la conducta del Usuario no fuera conforme con los t\u00e9rminos y condiciones expuestas en la presente.<\/p>\n<p>NRS COMUNICACI\u00d3N&nbsp;podr\u00e1, en todo momento y sin previo aviso, modificar las presentes Condiciones Generales, as\u00ed como las Condiciones Particulares que, en su caso, se incluyan, mediante la publicaci\u00f3n de dichas modificaciones en el sitio web con el fin de que puedan ser conocidas por los Usuarios.<\/p>\n<p>4. Propiedad intelectual e industrial<\/p>\n<p>1.&nbsp;La estructura, dise\u00f1o y forma de presentaci\u00f3n de los elementos [gr\u00e1ficos, im\u00e1genes, ficheros, logotipos, combinaciones de colores y cualquier elemento susceptible de protecci\u00f3n] est\u00e1n protegidos por derechos de propiedad intelectual titularidad de&nbsp;NRS COMUNICACI\u00d3N.<\/p>\n<p>Est\u00e1n prohibidas la reproducci\u00f3n, la transformaci\u00f3n, distribuci\u00f3n, comunicaci\u00f3n p\u00fablica, puesta a disposici\u00f3n del p\u00fablico y, en general, cualquier otra forma de explotaci\u00f3n, parcial o total de los elementos referidos en el apartado anterior. Estos actos de explotaci\u00f3n s\u00f3lo podr\u00e1n ser realizados en virtud de autorizaci\u00f3n expresa de&nbsp;NRS COMUNICACI\u00d3N&nbsp;y que, en todo caso, deber\u00e1n hacer referencia expl\u00edcita a la titularidad de los citados derechos de propiedad intelectual de&nbsp;NRS COMUNICACI\u00d3N. S\u00f3lo estar\u00e1 autorizado a la reproducci\u00f3n [impresi\u00f3n o descarga] para uso privado de los contenidos dispuestos en el sitio web.<\/p>\n<p>2.&nbsp;No se permite la utilizaci\u00f3n de los signos distintivos [marcas, nombres comerciales], salvo autorizaci\u00f3n expresa de los leg\u00edtimos titulares.<\/p>\n<p>5. Utilizaci\u00f3n de cookies<\/p>\n<p>OPCION NO USO DE COOKIES<\/p>\n<p>Una \u201ccookie\u201d es un peque\u00f1o fichero de texto que un servidor de p\u00e1ginas Web almacena en la unidad de disco duro del Usuario con el objeto de facilitarle ulteriores visitas.&nbsp;NRS COMUNICACI\u00d3N&nbsp;informa de que no emplea \u201ccookies\u201d en la conexi\u00f3n al Portal. Adem\u00e1s, no responder\u00e1 de las que puedan ser generadas en el acceso a las p\u00e1ginas o sitios Web de terceros cuyo v\u00ednculo o enlace se encuentra en el Portal.<\/p>\n<p>6. Exoneraci\u00f3n de responsabilidad.<\/p>\n<p>NRS COMUNICACI\u00d3N&nbsp;no ser\u00e1 responsable:<\/p>\n<p>Con car\u00e1cter general, respecto del uso inadecuado del sitio web titularidad de&nbsp;NRS COMUNICACI\u00d3N. Los usuarios deber\u00e1n realizar un uso adecuado del sitio web, de acuerdo con las condiciones y t\u00e9rminos anteriores, sin que ninguna responsabilidad pueda tener&nbsp;NRS COMUNICACI\u00d3N&nbsp;por la utilizaci\u00f3n indebida.<\/p>\n<p>Respecto de posibles deficiencias t\u00e9cnicas. \u2013&nbsp;NRS COMUNICACI\u00d3N&nbsp;no ser\u00e1 responsable en ning\u00fan caso de las alteraciones en el servicio que se produzcan por fallos en la red el\u00e9ctrica, en la red de conexi\u00f3n de datos, en el servidor o en cualesquiera prestaciones.<\/p>\n<p>Respecto al acceso por terceros a su sistema&nbsp;NRS COMUNICACI\u00d3N&nbsp;adoptar\u00e1 las cautelas t\u00e9cnicas necesarias a fin de proteger los datos e informaci\u00f3n a la que se accede, pero sin que sea responsable de actuaciones de terceros que, vulnerando las medidas de seguridad establecidas, accedan a los citados datos.<\/p>\n<p>Esta p\u00e1gina web puede contener enlaces a otras p\u00e1ginas de terceras partes cuyo contenido&nbsp;NRS COMUNICACI\u00d3N&nbsp;no puede controlar. Su inclusi\u00f3n responde a fines informativos, no implicando la aceptaci\u00f3n o garant\u00eda por parte de&nbsp;NRS COMUNICACI\u00d3N&nbsp;de los contenidos de dichas p\u00e1ginas web. Por ello,&nbsp;NRS COMUNICACI\u00d3N&nbsp;rechaza toda responsabilidad en relaci\u00f3n con los mismos, as\u00ed como por los da\u00f1os que pudieran causarse por cualquier motivo en su sistema inform\u00e1tico (equipo y aplicaciones), documentos o ficheros.&nbsp;NRS COMUNICACI\u00d3N&nbsp;en la medida en la que lo permita la legislaci\u00f3n aplicable, no garantiza la fiabilidad, disponibilidad o continuidad del funcionamiento de esta p\u00e1gina web ni de su contenido por motivos t\u00e9cnicos, de seguridad, control o mantenimiento del servicio, por fallos debidos al servidor que aloja los contenidos o de otros intermediarios o proveedores, por ataques contra el sistema inform\u00e1tico, ni por cualesquiera otros motivos que se deriven de causas que escapen a su control, por lo que se exime de cualquier responsabilidad, directa o indirecta, por los mismos.<\/p>\n<p>NRS COMUNICACI\u00d3N&nbsp;no se hace responsable de los fallos, errores o da\u00f1os, directos o indirectos, que puedan causarse al sistema inform\u00e1tico del usuario o a los ficheros o documentos almacenados en el mismo, que sean causados o se deriven de la capacidad o calidad de su sistema inform\u00e1tico o de la presencia de un virus o cualquier otra aplicaci\u00f3n inform\u00e1tica da\u00f1ina en el ordenador que sea utilizado para la conexi\u00f3n a los contenidos de la web, de la calidad de su conexi\u00f3n o acceso a Internet, por un mal funcionamiento de su navegador, o por el uso de aplicaciones inform\u00e1ticas cuyas versiones no est\u00e9n actualizadas o no se obtenga la correspondiente licencia de usuario.<\/p>\n<p>NRS COMUNICACI\u00d3N&nbsp;queda exonerado de responsabilidad por cualquier reclamaci\u00f3n respecto a los derechos de propiedad intelectual de los art\u00edculos e im\u00e1genes publicadas en su portal, as\u00ed como, no garantiza la exactitud, veracidad y vigencia de los contenidos de esta p\u00e1gina web, ya sean propios, de terceros, o enlazables a otras websites, quedando totalmente exonerada de cualquier responsabilidad derivada del uso de la mismos<\/p>\n<p>NRS COMUNICACI\u00d3N&nbsp;queda exonerada de cualquier responsabilidad derivada de cualquier reclamaci\u00f3n, incluido el pago de honorarios a abogados, por las demandas y reclamaciones originadas por terceros por el incumplimiento por parte del USUARIO de nuestras condiciones de uso, acceso y pol\u00edtica de privacidad, o cualquiera otra reclamaci\u00f3n por el incumplimiento de la legislaci\u00f3n vigente<\/p>\n<p>7. Legislaci\u00f3n.<\/p>\n<p>Con car\u00e1cter general las relaciones entre&nbsp;NRS COMUNICACI\u00d3N&nbsp;con los Usuarios de sus servicios telem\u00e1ticos, presentes en este sitio Web, se encuentran sometidas a la legislaci\u00f3n y jurisdicci\u00f3n espa\u00f1olas, someti\u00e9ndose las partes para cualquier cuesti\u00f3n litigiosa derivada del presente acuerdo a los Juzgados y Tribunales de residencia del Usuario (Espa\u00f1a).<\/p>\n<p>Si un tribunal competente considerara que alguna disposici\u00f3n o disposiciones del presente acuerdo fuese contraria a la ley, tal o tales disposiciones ser\u00e1n redactadas nuevamente de forma tal que reflejen lo m\u00e1s fielmente posible las intenciones de las partes, mientras las otras disposiciones se mantendr\u00e1n vigentes y aplicables.<\/p>\n<p>En el supuesto de que alguna de las cl\u00e1usulas del presente Acuerdo resultara inv\u00e1lida o inaplicable, la parte v\u00e1lida o aplicable y las restantes disposiciones del Acuerdo se mantendr\u00e1n vigentes y aplicables.<\/p>\n<\/div>\n<\/div>\t\t\t\t\t\t\t\t<\/div>\n\t\t\t\t<\/div>\n\t\t\t\t\t<\/div>\n\t\t\t\t<\/div>\n\t\t\t\t<\/div>\n\t\t","protected":false},"excerpt":{"rendered":"<p>AVISO LEGAL 1. Identificaci\u00f3n de la raz\u00f3n social del responsable del tratamiento De acuerdo con la Ley 34\/2002 de 11 de julio de servicios de la sociedad de la informaci\u00f3n y de comercio electr\u00f3nico ponemos en su conocimiento los datos sociales de la entidad: Raz\u00f3n Social SUMINISTROS DAMA-RL SPAIN SL N.I.F\/C.I.F.: B73705584 Domicilio: Carril el [&hellip;]<\/p>\n","protected":false},"author":1,"featured_media":0,"parent":0,"menu_order":0,"comment_status":"closed","ping_status":"closed","template":"elementor_header_footer","meta":{"site-sidebar-layout":"default","site-content-layout":"","ast-site-content-layout":"default","site-content-style":"default","site-sidebar-style":"default","ast-global-header-display":"","ast-banner-title-visibility":"","ast-main-header-display":"","ast-hfb-above-header-display":"","ast-hfb-below-header-display":"","ast-hfb-mobile-header-display":"","site-post-title":"","ast-breadcrumbs-content":"","ast-featured-img":"","footer-sml-layout":"","ast-disable-related-posts":"","theme-transparent-header-meta":"","adv-header-id-meta":"","stick-header-meta":"","header-above-stick-meta":"","header-main-stick-meta":"","header-below-stick-meta":"","astra-migrate-meta-layouts":"set","ast-page-background-enabled":"default","ast-page-background-meta":{"desktop":{"background-color":"var(--ast-global-color-4)","background-image":"","background-repeat":"repeat","background-position":"center center","background-size":"auto","background-attachment":"scroll","background-type":"","background-media":"","overlay-type":"","overlay-color":"","overlay-opacity":"","overlay-gradient":""},"tablet":{"background-color":"","background-image":"","background-repeat":"repeat","background-position":"center center","background-size":"auto","background-attachment":"scroll","background-type":"","background-media":"","overlay-type":"","overlay-color":"","overlay-opacity":"","overlay-gradient":""},"mobile":{"background-color":"","background-image":"","background-repeat":"repeat","background-position":"center center","background-size":"auto","background-attachment":"scroll","background-type":"","background-media":"","overlay-type":"","overlay-color":"","overlay-opacity":"","overlay-gradient":""}},"ast-content-background-meta":{"desktop":{"background-color":"var(--ast-global-color-5)","background-image":"","background-repeat":"repeat","background-position":"center center","background-size":"auto","background-attachment":"scroll","background-type":"","background-media":"","overlay-type":"","overlay-color":"","overlay-opacity":"","overlay-gradient":""},"tablet":{"background-color":"var(--ast-global-color-5)","background-image":"","background-repeat":"repeat","background-position":"center center","background-size":"auto","background-attachment":"scroll","background-type":"","background-media":"","overlay-type":"","overlay-color":"","overlay-opacity":"","overlay-gradient":""},"mobile":{"background-color":"var(--ast-global-color-5)","background-image":"","background-repeat":"repeat","background-position":"center center","background-size":"auto","background-attachment":"scroll","background-type":"","background-media":"","overlay-type":"","overlay-color":"","overlay-opacity":"","overlay-gradient":""}},"footnotes":""},"class_list":["post-3376","page","type-page","status-publish","hentry"],"_links":{"self":[{"href":"https:\/\/www.nrscomunicacion.com\/index.php\/wp-json\/wp\/v2\/pages\/3376","targetHints":{"allow":["GET"]}}],"collection":[{"href":"https:\/\/www.nrscomunicacion.com\/index.php\/wp-json\/wp\/v2\/pages"}],"about":[{"href":"https:\/\/www.nrscomunicacion.com\/index.php\/wp-json\/wp\/v2\/types\/page"}],"author":[{"embeddable":true,"href":"https:\/\/www.nrscomunicacion.com\/index.php\/wp-json\/wp\/v2\/users\/1"}],"replies":[{"embeddable":true,"href":"https:\/\/www.nrscomunicacion.com\/index.php\/wp-json\/wp\/v2\/comments?post=3376"}],"version-history":[{"count":16,"href":"https:\/\/www.nrscomunicacion.com\/index.php\/wp-json\/wp\/v2\/pages\/3376\/revisions"}],"predecessor-version":[{"id":3400,"href":"https:\/\/www.nrscomunicacion.com\/index.php\/wp-json\/wp\/v2\/pages\/3376\/revisions\/3400"}],"wp:attachment":[{"href":"https:\/\/www.nrscomunicacion.com\/index.php\/wp-json\/wp\/v2\/media?parent=3376"}],"curies":[{"name":"wp","href":"https:\/\/api.w.org\/{rel}","templated":true}]}}