{"id":3,"date":"2023-06-15T09:35:19","date_gmt":"2023-06-15T09:35:19","guid":{"rendered":"http:\/\/www.nrscomunicacion.com\/?page_id=3"},"modified":"2023-10-11T09:47:09","modified_gmt":"2023-10-11T09:47:09","slug":"privacy-policy","status":"publish","type":"page","link":"https:\/\/www.nrscomunicacion.com\/index.php\/privacy-policy\/","title":{"rendered":"Pol\u00edtica de Privacidad"},"content":{"rendered":"\t\t<div data-elementor-type=\"wp-page\" data-elementor-id=\"3\" class=\"elementor elementor-3\">\n\t\t\t\t<div class=\"elementor-element elementor-element-ce36052 e-con-full e-flex e-con e-parent\" data-id=\"ce36052\" data-element_type=\"container\" data-e-type=\"container\" data-settings=\"{&quot;background_background&quot;:&quot;classic&quot;}\">\n\t\t\t\t<div class=\"elementor-element elementor-element-e45cb4a elementor-widget elementor-widget-heading\" data-id=\"e45cb4a\" data-element_type=\"widget\" data-e-type=\"widget\" data-widget_type=\"heading.default\">\n\t\t\t\t<div class=\"elementor-widget-container\">\n\t\t\t\t\t<h2 class=\"elementor-heading-title elementor-size-default\">POL\u00cdTICA DE PRIVACIDAD<\/h2>\t\t\t\t<\/div>\n\t\t\t\t<\/div>\n\t\t\t\t<\/div>\n\t\t<div class=\"elementor-element elementor-element-697b0dd7 e-flex e-con-boxed e-con e-parent\" data-id=\"697b0dd7\" data-element_type=\"container\" data-e-type=\"container\">\n\t\t\t\t\t<div class=\"e-con-inner\">\n\t\t\t\t<div class=\"elementor-element elementor-element-2323f7c0 elementor-widget elementor-widget-text-editor\" data-id=\"2323f7c0\" data-element_type=\"widget\" data-e-type=\"widget\" data-widget_type=\"text-editor.default\">\n\t\t\t\t<div class=\"elementor-widget-container\">\n\t\t\t\t\t\t\t\t\t\n<p>Mediante el presente comunicado Suministros Dama RL SL. \u2013 NRS COMUNICACI\u00d3N, con CIF:\u00a0B73705584, domicilio en Carril Acequia de Alguazas, 36, 30158 Murcia, y tel\u00e9fono 968132710, pone en conocimiento de los consumidores y usuarios del sitio Web https:\/\/nrscomunicaci\u00f3n.com su pol\u00edtica de protecci\u00f3n de datos de car\u00e1cter personal, para que los usuarios determinen libre y voluntariamente si desean facilitar a NRS COMUNICACI\u00d3N los datos personales que se les requieran para la prestaci\u00f3n de servicios o en su caso venta de productos, oferta de presupuestos que previamente han solicitado por cualquier medio y para la contestaci\u00f3n de consultas, con ocasi\u00f3n de la suscripci\u00f3n, registro o cumplimentaci\u00f3n de cualesquiera formulario de datos online.<\/p>\n<p>NRS COMUNICACI\u00d3N, se reserva la facultad de modificar esta Pol\u00edtica de Privacidad para mantenerla adaptada a la legislaci\u00f3n vigente sobre protecci\u00f3n de datos. En tales casos, NRS COMUNICACI\u00d3N anunciar\u00e1 en este sitio Web los cambios introducidos con razonable antelaci\u00f3n a su puesta en pr\u00e1ctica.<\/p>\n<p>La visita a este sitio Web no implica que el usuario est\u00e9 obligado a facilitar ninguna informaci\u00f3n sobre el mismo. En el caso de que el usuario facilite alguna informaci\u00f3n de car\u00e1cter personal, los datos recogidos en este sitio Web ser\u00e1n tratados de forma leal y l\u00edcita con sujeci\u00f3n en todo momento a los principios y derechos recogidos en la\u00a0<strong style=\"font-style: inherit;\">Ley Org\u00e1nica de Protecci\u00f3n de Datos de Car\u00e1cter Personal (LOPD)<\/strong>, a su normativa de desarrollo\u00a0<strong style=\"font-style: inherit;\">(RLOPD)<\/strong>\u00a0y al\u00a0<strong style=\"font-style: inherit;\">RGPD<\/strong>\u00a0de la Uni\u00f3n Europea.<\/p>\n<p><strong style=\"font-style: inherit;\">EL DERECHO DE INFORMACI\u00d3N<\/strong><\/p>\n<p>Conforme a la LOPD le informamos de que los datos suministrados por usted van a pasar a formar parte del\u00a0<strong style=\"font-style: inherit;\">fichero Gesti\u00f3n de Clientes y Servicios<\/strong>\u00a0de NRS COMUNICACI\u00d3N, siendo el \u00fanico destinatario de la informaci\u00f3n suministrada. La finalidad del tratamiento ser\u00e1 la gesti\u00f3n y administraci\u00f3n del conjunto de la cartera de clientes para poder prestarle el servicio solicitado o en su caso ofrecer el producto solicitado, y el cobro del mismo, confeccionar presupuestos y enviar comunicaciones comerciales por cualquier medio (postal o electr\u00f3nico) sobre los diversos servicios y en su caso productos que presta la empresa, consinti\u00e9ndolo usted de forma expresa. El responsable del tratamiento es NRS COMUNICACI\u00d3N que tiene su domicilio en Carril Acequia de Alguazas, 36, 30158 Murcia, pudiendo ejercitar sus derechos establecidos en los art\u00edculos 15 a 22 del RGPD de la Uni\u00f3n Europea, mandando un escrito a la anterior direcci\u00f3n, personalmente en nuestra sede acreditando su identidad o mediante v\u00eda electr\u00f3nica acreditando su personalidad, en la direcci\u00f3n\u00a0hola@nrscomunicacion.com<\/p>\n<p>En el momento de proceder a la recogida de los datos se indicar\u00e1 el car\u00e1cter voluntario u obligatorio de los datos objeto de recogida. La negativa a facilitar los datos calificados como obligatorios supondr\u00e1 la imposibilidad de prestarle el servicio solicitado o en su caso el producto contratado. El usuario que facilite sus datos deber\u00e1 mantenerlos actualizados y comunicar al responsable del tratamiento cualquier cambio en sus datos. El usuario que facilite datos personales sobre otra persona, deber\u00e1 \u00e9l mismo, en su caso, informar al titular de los datos de lo establecido en la presente Pol\u00edtica de Privacidad.<\/p>\n<p><strong style=\"font-style: inherit;\">EL CONSENTIMIENTO INFORMADO<\/strong><\/p>\n<p>En consecuencia, los usuarios que faciliten datos de car\u00e1cter personal en este sitio Web consienten de forma inequ\u00edvoca la incorporaci\u00f3n de los mismos al fichero automatizado\u00a0<strong style=\"font-style: inherit;\">Gesti\u00f3n de Clientes y Servicios<\/strong>\u00a0del que es responsable para las finalidades espec\u00edficamente determinadas anteriormente.<\/p>\n<p><strong style=\"font-style: inherit;\">EL PRINCIPIO DE CALIDAD DE DATOS<\/strong><\/p>\n<p>Los datos de car\u00e1cter personal proporcionados por los usuarios ser\u00e1n exactos y puestos al d\u00eda de forma que respondan con veracidad a la situaci\u00f3n actual del afectado. Por ello, el usuario deber\u00e1 responder de la veracidad y certeza de los datos personales suministrados y comunicar cualquier modificaci\u00f3n de los mismos que se produzca en un futuro. NRS COMUNICACI\u00d3N proceder\u00e1 a la cancelaci\u00f3n de los datos personales recogidos cuando dejen de ser necesarios o pertinentes para la finalidad para la que hubieren sido recabados o registrados. La cancelaci\u00f3n dar\u00e1 lugar al bloqueo de los datos, conserv\u00e1ndose \u00fanicamente a disposici\u00f3n de las Administraciones p\u00fablicas, Jueces y Tribunales, para la atenci\u00f3n de las posibles responsabilidades nacidas del tratamiento, durante el plazo de prescripci\u00f3n de \u00e9stas. Cumplido el citado plazo se proceder\u00e1 a la supresi\u00f3n de sus datos personales.<\/p>\n<p><strong style=\"font-style: inherit;\">EL PLAZO O PERIODO TEMPORAL DE CONSERVACI\u00d3N DE LOS DATOS<\/strong><\/p>\n<p>Conforme a lo estipulado por el art\u00edculo 5.1.e) del RGPD los datos deber\u00e1n ser mantenidos de forma que se permita la identificaci\u00f3n de los interesados durante no m\u00e1s tiempo del necesario para los fines del tratamiento de los datos personales. Superado ese tiempo, s\u00f3lo pueden conservarse durante tiempos m\u00e1s largos con las finalidades de archivo en inter\u00e9s p\u00fablico, fines de investigaci\u00f3n cient\u00edfica o hist\u00f3rica o fines estad\u00edsticos, siendo en ocasiones preciso, en orden a salvaguardar el principio de minimizaci\u00f3n, proceder a la seudonimizaci\u00f3n de los datos (RGPD art\u00edculo 89.1), y sin perjuicio de la aplicaci\u00f3n de las medidas t\u00e9cnicas y organizativas apropiadas que impone el RGPD para proteger los derechos del afectado o interesado.<\/p>\n<p>Los datos personales deben ser conservados durante los plazos que se se\u00f1alen en las disposiciones aplicables o si as\u00ed est\u00e1 previsto en las relaciones contractuales entre el responsable del tratamiento y el interesado o afectado, siempre que sirva a finalidades leg\u00edtimas derivadas del cumplimiento del contrato.<\/p>\n<p>Respecto al mencionado plazo temporal de conservaci\u00f3n de sus datos personales, le informamos que \u00e9stos ser\u00e1n conservados mientras sean necesarios o pertinentes para la finalidad para la cual hubieran sido recabados o registrados. Por lo tanto se proceder\u00e1 a su cancelaci\u00f3n cuando \u00e9stos hayan dejado de ser necesarios para cumplir con las finalidades leg\u00edtimas descritas anteriormente. La cancelaci\u00f3n dar\u00e1 lugar al bloqueo de los datos, que s\u00f3lo podr\u00e1n conservarse para ponerlos a disposici\u00f3n, previo requerimiento, de las Administraciones p\u00fablicas, Jueces y Tribunales, para la atenci\u00f3n de las posibles responsabilidades nacidas del tratamiento, durante el plazo de prescripci\u00f3n de \u00e9stas. S\u00f3lo cuando se haya cumplido el plazo durante el cual pueda procederse a exigir responsabilidad se deber\u00e1 proceder a la supresi\u00f3n total y definitiva de los datos personales bloqueados.<\/p>\n<p><strong style=\"font-style: inherit;\">EL PRINCIPIO DE SEGURIDAD DE LOS DATOS<\/strong><\/p>\n<p>NRS COMUNICACI\u00d3N ha adoptado todas las medidas t\u00e9cnicas y organizativas necesarias para garantizar la seguridad de los datos de car\u00e1cter personal y evitar su alteraci\u00f3n, p\u00e9rdida, tratamiento o acceso no autorizado. El nivel de seguridad adoptado est\u00e1 en consonancia con la naturaleza de los datos personales suministrados.<\/p>\n<p>Conforme a lo establecido en el art\u00edculo 32 del RGPD, NRS COMUNICACI\u00d3N como responsable del tratamiento, teniendo en cuenta el estado de la t\u00e9cnica, los costes de aplicaci\u00f3n, y la naturaleza, el alcance, el contexto y los fines del tratamiento, as\u00ed como riesgos de probabilidad y gravedad variables para los derechos y libertades de las personas f\u00edsicas, aplicar\u00e1 medidas t\u00e9cnicas y organizativas apropiadas para garantizar un nivel de seguridad adecuado al riesgo, que en su caso incluir\u00e1, entre otros:<\/p>\n<ul>\n<li>La seudonimizaci\u00f3n y el cifrado de datos personales;<br \/>\u2022 La capacidad de garantizar la confidencialidad, integridad, disponibilidad y resilencia permanentes de los sistemas y servicios de tratamiento;<br \/>\u2022 La capacidad de restaurar la disponibilidad y el acceso a los datos personales de forma r\u00e1pida en caso de incidente f\u00edsico o t\u00e9cnico;<br \/>\u2022 Un proceso de verificaci\u00f3n, evaluaci\u00f3n y valoraci\u00f3n regulares de la eficacia de las medidas t\u00e9cnicas y organizativas para garantizar la seguridad del tratamiento.<\/li>\n<\/ul>\n<p>Al evaluar la adecuaci\u00f3n del nivel de seguridad se tendr\u00e1 particularmente en cuenta los riesgos que presente el tratamiento de datos, en particular como consecuencia de la destrucci\u00f3n, p\u00e9rdida o alteraci\u00f3n accidental o il\u00edcita de datos personales transmitidos, conservados o tratados de otra forma, o la comunicaci\u00f3n o acceso no autorizados a dichos datos por parte de terceros.<\/p>\n<p>NRS COMUNICACI\u00d3N tomar\u00e1 medidas para garantizar que cualquier persona que act\u00fae bajo la autoridad del responsable del tratamiento o del encargado del tratamiento y tenga acceso a datos personales solo pueda tratar dichos datos siguiendo instrucciones del responsable, salvo que est\u00e9 obligada a ello en virtud del Derecho de la Uni\u00f3n o de los Estados miembros.<\/p>\n<p><strong style=\"font-style: inherit;\">EL DERECHO DE CANCELACI\u00d3N Y DE SUPRESI\u00d3N<\/strong><\/p>\n<p>En cumplimiento de la previsi\u00f3n legal contemplada en el art\u00edculo 17 del RGPD de la Uni\u00f3n Europea, el interesado o afectado tendr\u00e1 derecho a obtener sin dilaci\u00f3n indebida del responsable del tratamiento la supresi\u00f3n de los datos personales que le conciernan, el cual estar\u00e1 obligado a suprimir sin dilaci\u00f3n indebida los datos personales cuando concurra alguna de las circunstancias siguientes:<\/p>\n<ol>\n<li>a) Los datos personales ya no sean necesarios en relaci\u00f3n con los fines para los que fueron recogidos o tratados de otro modo;<br \/>b) El interesado retire el consentimiento en que se basa el tratamiento de conformidad con el art\u00edculo 6, apartado 1, letra a), o el art\u00edculo 9, apartado 2, letra a), y este no se base en otro fundamento jur\u00eddico;<br \/>c) El interesado se oponga al tratamiento con arreglo al art\u00edculo 21, apartado 1, y no prevalezcan otros motivos leg\u00edtimos para el tratamiento, o el interesado se oponga al tratamiento con arreglo al art\u00edculo 21, apartado 2;<br \/>d) Los datos personales hayan sido tratados il\u00edcitamente;<br \/>e) Los datos personales deban suprimirse para el cumplimiento de una obligaci\u00f3n legal establecida en el Derecho de la Uni\u00f3n o de los Estados miembros que se aplique al responsable del tratamiento;<br \/>f) Los datos personales se hayan obtenido en relaci\u00f3n con la oferta de servicios de la sociedad de la informaci\u00f3n mencionados en el art\u00edculo 8, apartado 1.<\/li>\n<\/ol>\n<p>Cuando NRS COMUNICACI\u00d3N como responsable del tratamiento haya hecho p\u00fablicos los datos personales y est\u00e9 obligado, en virtud de lo dispuesto anteriormente, a suprimir dichos datos, teniendo en cuenta la tecnolog\u00eda disponible y el coste de su aplicaci\u00f3n, adoptar\u00e1 medidas razonables, incluidas medidas t\u00e9cnicas, con miras a informar a los responsables que est\u00e9n tratando datos personales de la solicitud del interesado de supresi\u00f3n de cualquier enlace a esos datos personales, o cualquier copia o r\u00e9plica de los mismos.<\/p>\n<p><strong style=\"font-style: inherit;\">EL DERECHO A LA LIMITACI\u00d3N DEL TRATAMIENTO<\/strong><\/p>\n<p>En relaci\u00f3n a lo dispuesto por el art\u00edculo 18 del RGPD de la Uni\u00f3n Europea el interesado o afectado tendr\u00e1 derecho a obtener de NRS COMUNICACI\u00d3N como responsable tratamiento la limitaci\u00f3n del tratamiento de los datos cuando se cumpla en su caso alguna de las siguientes condiciones:<\/p>\n<ol>\n<li>a) El interesado impugne la exactitud de los datos personales, durante un plazo que permita al responsable verificar la exactitud de los mismos;<br \/>b) El tratamiento sea il\u00edcito y el interesado se oponga a la supresi\u00f3n de los datos personales y solicite en su lugar la limitaci\u00f3n del su uso;<br \/>c) El responsable ya no necesite los datos personales para los fines del tratamiento, pero el interesado los necesite para la formulaci\u00f3n, el ejercicio o la defensa de reclamaciones;<br \/>d) El interesado se haya opuesto al tratamiento en virtud del art\u00edculo 21, apartado 1 del RGPD, mientras se verifica si los motivos leg\u00edtimos del responsable prevalecen sobre los del interesado o afectado en cuesti\u00f3n.<\/li>\n<\/ol>\n<p>Cuando el tratamiento de datos personales se haya limitado en virtud de lo establecido anteriormente, dichos datos solo podr\u00e1n ser objeto de tratamiento, con excepci\u00f3n de su conservaci\u00f3n, con el consentimiento del interesado o para la formulaci\u00f3n, el ejercicio o la defensa de reclamaciones, o con miras a la protecci\u00f3n de los derechos de otra persona f\u00edsica o jur\u00eddica o por razones de inter\u00e9s p\u00fablico importante de la Uni\u00f3n o de un determinado Estado miembro.<\/p>\n<p>Todo interesado que haya obtenido la limitaci\u00f3n del tratamiento con arreglo a lo dispuesto anteriormente ser\u00e1 informado por NRS COMUNICACI\u00d3N como responsable del tratamiento antes del levantamiento de dicha limitaci\u00f3n.<\/p>\n<p><strong style=\"font-style: inherit;\">ENV\u00cdO DE COMUNICACIONES INFORMATIVAS<\/strong><\/p>\n<p>Respecto al env\u00edo de comunicaciones informativas v\u00eda e-mail u otros medios de comunicaci\u00f3n electr\u00f3nica equivalente, dado que la direcci\u00f3n de correo electr\u00f3nico del usuario es un dato de car\u00e1cter personal cuando permite identificarle, mediante su recogida en el formulario de datos online el usuario autoriza expresamente a NRS COMUNICACI\u00d3N su tratamiento para el env\u00edo de comunicaciones comerciales o promocionales concernientes a los productos o servicios que presta esta empresa. Estas comunicaciones estar\u00e1n precedidas por la palabra publicidad o informaci\u00f3n al comienzo del mensaje e identificar\u00e1n claramente a NRS COMUNICACI\u00d3N. No obstante, usted puede revocar en cualquier momento su consentimiento para la recepci\u00f3n de comunicaciones informativas con la simple notificaci\u00f3n a nuestra direcci\u00f3n de correo electr\u00f3nico (hola@nrscomunicacion.com) o llamando al tel\u00e9fono 968132710.<\/p>\n<p>\u00a0<\/p>\n\t\t\t\t\t\t\t\t<\/div>\n\t\t\t\t<\/div>\n\t\t\t\t\t<\/div>\n\t\t\t\t<\/div>\n\t\t\t\t<\/div>\n\t\t","protected":false},"excerpt":{"rendered":"<p>POL\u00cdTICA DE PRIVACIDAD Mediante el presente comunicado Suministros Dama RL SL. \u2013 NRS COMUNICACI\u00d3N, con CIF:\u00a0B73705584, domicilio en Carril Acequia de Alguazas, 36, 30158 Murcia, y tel\u00e9fono 968132710, pone en conocimiento de los consumidores y usuarios del sitio Web https:\/\/nrscomunicaci\u00f3n.com su pol\u00edtica de protecci\u00f3n de datos de car\u00e1cter personal, para que los usuarios determinen libre [&hellip;]<\/p>\n","protected":false},"author":1,"featured_media":0,"parent":0,"menu_order":0,"comment_status":"closed","ping_status":"closed","template":"elementor_header_footer","meta":{"site-sidebar-layout":"default","site-content-layout":"","ast-site-content-layout":"default","site-content-style":"default","site-sidebar-style":"default","ast-global-header-display":"","ast-banner-title-visibility":"","ast-main-header-display":"","ast-hfb-above-header-display":"","ast-hfb-below-header-display":"","ast-hfb-mobile-header-display":"","site-post-title":"","ast-breadcrumbs-content":"","ast-featured-img":"","footer-sml-layout":"","ast-disable-related-posts":"","theme-transparent-header-meta":"","adv-header-id-meta":"","stick-header-meta":"","header-above-stick-meta":"","header-main-stick-meta":"","header-below-stick-meta":"","astra-migrate-meta-layouts":"set","ast-page-background-enabled":"default","ast-page-background-meta":{"desktop":{"background-color":"var(--ast-global-color-4)","background-image":"","background-repeat":"repeat","background-position":"center center","background-size":"auto","background-attachment":"scroll","background-type":"","background-media":"","overlay-type":"","overlay-color":"","overlay-opacity":"","overlay-gradient":""},"tablet":{"background-color":"","background-image":"","background-repeat":"repeat","background-position":"center center","background-size":"auto","background-attachment":"scroll","background-type":"","background-media":"","overlay-type":"","overlay-color":"","overlay-opacity":"","overlay-gradient":""},"mobile":{"background-color":"","background-image":"","background-repeat":"repeat","background-position":"center center","background-size":"auto","background-attachment":"scroll","background-type":"","background-media":"","overlay-type":"","overlay-color":"","overlay-opacity":"","overlay-gradient":""}},"ast-content-background-meta":{"desktop":{"background-color":"var(--ast-global-color-5)","background-image":"","background-repeat":"repeat","background-position":"center center","background-size":"auto","background-attachment":"scroll","background-type":"","background-media":"","overlay-type":"","overlay-color":"","overlay-opacity":"","overlay-gradient":""},"tablet":{"background-color":"var(--ast-global-color-5)","background-image":"","background-repeat":"repeat","background-position":"center center","background-size":"auto","background-attachment":"scroll","background-type":"","background-media":"","overlay-type":"","overlay-color":"","overlay-opacity":"","overlay-gradient":""},"mobile":{"background-color":"var(--ast-global-color-5)","background-image":"","background-repeat":"repeat","background-position":"center center","background-size":"auto","background-attachment":"scroll","background-type":"","background-media":"","overlay-type":"","overlay-color":"","overlay-opacity":"","overlay-gradient":""}},"footnotes":""},"class_list":["post-3","page","type-page","status-publish","hentry"],"_links":{"self":[{"href":"https:\/\/www.nrscomunicacion.com\/index.php\/wp-json\/wp\/v2\/pages\/3","targetHints":{"allow":["GET"]}}],"collection":[{"href":"https:\/\/www.nrscomunicacion.com\/index.php\/wp-json\/wp\/v2\/pages"}],"about":[{"href":"https:\/\/www.nrscomunicacion.com\/index.php\/wp-json\/wp\/v2\/types\/page"}],"author":[{"embeddable":true,"href":"https:\/\/www.nrscomunicacion.com\/index.php\/wp-json\/wp\/v2\/users\/1"}],"replies":[{"embeddable":true,"href":"https:\/\/www.nrscomunicacion.com\/index.php\/wp-json\/wp\/v2\/comments?post=3"}],"version-history":[{"count":8,"href":"https:\/\/www.nrscomunicacion.com\/index.php\/wp-json\/wp\/v2\/pages\/3\/revisions"}],"predecessor-version":[{"id":3397,"href":"https:\/\/www.nrscomunicacion.com\/index.php\/wp-json\/wp\/v2\/pages\/3\/revisions\/3397"}],"wp:attachment":[{"href":"https:\/\/www.nrscomunicacion.com\/index.php\/wp-json\/wp\/v2\/media?parent=3"}],"curies":[{"name":"wp","href":"https:\/\/api.w.org\/{rel}","templated":true}]}}